{"id":49,"date":"2019-11-02T21:39:28","date_gmt":"2019-11-02T21:39:28","guid":{"rendered":"https:\/\/funkeinstein.com\/?page_id=49"},"modified":"2019-11-02T21:39:28","modified_gmt":"2019-11-02T21:39:28","slug":"cookie-policy","status":"publish","type":"page","link":"https:\/\/funkeinstein.com\/index.php\/cookie-policy\/","title":{"rendered":"Cookie Policy"},"content":{"rendered":"\n<h5>Cosa sono<\/h5>\n\n\n\n<p>I cookie sono piccoli file di testo memorizzati nel computer o nel dispositivo mobile dell\u00b4utente quando visita il nostro sito web.<\/p>\n\n\n\n<h5>A cosa servono<\/h5>\n\n\n\n<p>I cookie sono da noi utilizzati per assicurare all\u00b4utente la migliore esperienza nel nostro sito. Questo sito utilizza i cookie, anche di terze parti, per inviare messaggi promozionali personalizzati.<\/p>\n\n\n\n<h5>Tipologie di cookie<\/h5>\n\n\n\n<p>I cookie sono categorizzati come segue.<\/p>\n\n\n\n<ul><li>Cookie di sessione. Cookie automaticamente cancellati quando l\u00b4utente chiude il browser.<\/li><li>Cookie persistenti. Cookie che restano memorizzati nel dispositivo dell\u00b4utente sino al raggiungimento di una determinata data di terminazione (in termini di minuti, giorni o anni dalla creazione\/aggiornamento del cookie).<\/li><li>Cookie di terze parti. Cookie memorizzati per conto di soggetti terzi.<\/li><\/ul>\n\n\n\n<p>E possibile controllare ed eliminare i singoli cookie utilizzando le impostazioni della maggior parte dei browser. Ci\u00f2, tuttavia, potrebbe impedire di utilizzare correttamente alcune funzioni del nostro sito web.<br>Per saperne di pi\u00f9 \u00e8 possibile fare riferimento a www.aboutcookies.org o www.allaboutcookies.org.<\/p>\n\n\n\n<h5>Gestione dei cookie direttamente dal sito<\/h5>\n\n\n\n<p>Per ottimizzare la tua esperienza anche nella gestione dei cookie, abbiamo deciso di organizzare i cookie utilizzati da questo sito in quattro categorie, in base alle finalit\u00e0 perseguite: essential, comfort, performance, advertising.<\/p>\n\n\n\n<ul><li>Essential: Questi cookie sono indispensabili per il regolare funzionamento del sito e delle relative funzioni. Esempi: cookie di autenticazione.<\/li><li>Comfort: Questi cookie consentono di migliorare il comfort e l\u00b4usabilit\u00e0 dei siti Internet e di mettere a disposizione svariate funzioni. Ad esempio, nei cookie comfort \u00e8 possibile memorizzare i risultati delle ricerche, le impostazioni della lingua, la dimensione del carattere.<\/li><li>Performance: Questi cookie raccolgono informazioni su come sono utilizzati i siti Internet. I cookie prestazionali ci aiutano per esempio a stabilire quali sono i settori pi\u00f9 popolari del nostro sito. Questo ci permette di adattare i contenuti delle pagine Internet ai vostri desideri e al contempo di migliorare i servizi Internet offerti.<\/li><li>Advertising: Questi cookie sono utilizzati per personalizzare l\u00b4invio delle informazioni e delle comunicazioni pubblicitarie, in funzione degli interessi dell\u00b4utente, ad es. in base alle pagine visitate<\/li><\/ul>\n","protected":false},"excerpt":{"rendered":"<p>Cosa sono I cookie sono piccoli file di testo memorizzati nel computer o nel dispositivo mobile dell\u00b4utente quando visita il nostro sito web. A cosa servono I cookie sono da<a href=\"https:\/\/funkeinstein.com\/index.php\/cookie-policy\/\" class=\"more-link\"><span class=\"readmore\">Continue reading<span class=\"screen-reader-text\">Cookie Policy<\/span><\/span><\/a><\/p>\n","protected":false},"author":1,"featured_media":0,"parent":0,"menu_order":0,"comment_status":"closed","ping_status":"closed","template":"","meta":[],"_links":{"self":[{"href":"https:\/\/funkeinstein.com\/index.php\/wp-json\/wp\/v2\/pages\/49"}],"collection":[{"href":"https:\/\/funkeinstein.com\/index.php\/wp-json\/wp\/v2\/pages"}],"about":[{"href":"https:\/\/funkeinstein.com\/index.php\/wp-json\/wp\/v2\/types\/page"}],"author":[{"embeddable":true,"href":"https:\/\/funkeinstein.com\/index.php\/wp-json\/wp\/v2\/users\/1"}],"replies":[{"embeddable":true,"href":"https:\/\/funkeinstein.com\/index.php\/wp-json\/wp\/v2\/comments?post=49"}],"version-history":[{"count":1,"href":"https:\/\/funkeinstein.com\/index.php\/wp-json\/wp\/v2\/pages\/49\/revisions"}],"predecessor-version":[{"id":50,"href":"https:\/\/funkeinstein.com\/index.php\/wp-json\/wp\/v2\/pages\/49\/revisions\/50"}],"wp:attachment":[{"href":"https:\/\/funkeinstein.com\/index.php\/wp-json\/wp\/v2\/media?parent=49"}],"curies":[{"name":"wp","href":"https:\/\/api.w.org\/{rel}","templated":true}]}}